{"id":286,"date":"2021-05-25T13:15:56","date_gmt":"2021-05-25T13:15:56","guid":{"rendered":"https:\/\/frizolino.com\/?page_id=286"},"modified":"2021-06-09T08:09:23","modified_gmt":"2021-06-09T08:09:23","slug":"frizolino-vienna","status":"publish","type":"page","link":"https:\/\/frizolino.com\/nl\/frizolino-vienna","title":{"rendered":"Frizolino Wenen"},"content":{"rendered":"<p style=\"text-align: center;\"><strong>Br\u00e4unerstra\u00dfe 2 1010 Vienna, \u00d6sterreich<\/strong><br \/>\n<a href=\"mailto:info@frizolino.com\" target=\"_blank\" rel=\"noopener\"><strong>info@frizolino.com<\/strong><\/a><\/p>\n<p><img loading=\"lazy\" class=\"aligncenter size-medium wp-image-350\" src=\"https:\/\/frizolino.com\/wp-content\/uploads\/2021\/06\/frizolino.vienna_nametag-300x300.png\" alt=\"\" width=\"300\" height=\"300\" srcset=\"https:\/\/frizolino.com\/wp-content\/uploads\/2021\/06\/frizolino.vienna_nametag-300x300.png 300w, https:\/\/frizolino.com\/wp-content\/uploads\/2021\/06\/frizolino.vienna_nametag-1024x1024.png 1024w, https:\/\/frizolino.com\/wp-content\/uploads\/2021\/06\/frizolino.vienna_nametag-150x150.png 150w, https:\/\/frizolino.com\/wp-content\/uploads\/2021\/06\/frizolino.vienna_nametag-768x768.png 768w, https:\/\/frizolino.com\/wp-content\/uploads\/2021\/06\/frizolino.vienna_nametag.png 1275w\" sizes=\"(max-width: 300px) 100vw, 300px\" \/><\/p>\n<p style=\"text-align: center;\"><div id='2' class='widgets_on_page wop_tiny1  wop_small1  wop_medium1  wop_large1  wop_wide1'>\n\t\t\t<ul><li id=\"simple-social-icons-7\" class=\"widget-odd widget-last widget-first widget-1 widget simple-social-icons\"><ul class=\"aligncenter\"><li class=\"ssi-facebook\"><a href=\"https:\/\/www.facebook.com\/Frizolinovienna-107971484758509\" target=\"_blank\" rel=\"noopener noreferrer\"><svg role=\"img\" class=\"social-facebook\" aria-labelledby=\"social-facebook-7\"><title id=\"social-facebook-7\">Facebook<\/title><use xlink:href=\"https:\/\/frizolino.com\/wp-content\/plugins\/simple-social-icons\/symbol-defs.svg#social-facebook\"><\/use><\/svg><\/a><\/li><li class=\"ssi-instagram\"><a href=\"https:\/\/www.instagram.com\/frizolino.vienna\" target=\"_blank\" rel=\"noopener noreferrer\"><svg role=\"img\" class=\"social-instagram\" aria-labelledby=\"social-instagram-7\"><title id=\"social-instagram-7\">Instagram<\/title><use xlink:href=\"https:\/\/frizolino.com\/wp-content\/plugins\/simple-social-icons\/symbol-defs.svg#social-instagram\"><\/use><\/svg><\/a><\/li><\/ul><\/li><\/ul><\/div><!-- widgets_on_page -->\n<div id='gallery-1' class='gallery galleryid-286 gallery-columns-2 gallery-size-large'><figure class='gallery-item'>\n\t\t\t<div class='gallery-icon portrait'>\n\t\t\t\t<img width=\"480\" height=\"600\" src=\"https:\/\/frizolino.com\/wp-content\/uploads\/2021\/05\/frizolino-vienna.jpg\" class=\"attachment-large size-large\" alt=\"\" loading=\"lazy\" srcset=\"https:\/\/frizolino.com\/wp-content\/uploads\/2021\/05\/frizolino-vienna.jpg 480w, https:\/\/frizolino.com\/wp-content\/uploads\/2021\/05\/frizolino-vienna-240x300.jpg 240w\" sizes=\"(max-width: 480px) 100vw, 480px\" \/>\n\t\t\t<\/div><\/figure><figure class='gallery-item'>\n\t\t\t<div class='gallery-icon portrait'>\n\t\t\t\t<img width=\"480\" height=\"600\" src=\"https:\/\/frizolino.com\/wp-content\/uploads\/2021\/05\/frizolino-wenen.jpg\" class=\"attachment-large size-large\" alt=\"\" loading=\"lazy\" srcset=\"https:\/\/frizolino.com\/wp-content\/uploads\/2021\/05\/frizolino-wenen.jpg 480w, https:\/\/frizolino.com\/wp-content\/uploads\/2021\/05\/frizolino-wenen-240x300.jpg 240w\" sizes=\"(max-width: 480px) 100vw, 480px\" \/>\n\t\t\t<\/div><\/figure>\n\t\t<\/div>\n\n","protected":false},"excerpt":{"rendered":"<p>Br\u00e4unerstra\u00dfe 2 1010 Vienna, \u00d6sterreich info@frizolino.com<\/p>\n","protected":false},"author":1,"featured_media":0,"parent":0,"menu_order":0,"comment_status":"closed","ping_status":"closed","template":"","meta":{"_genesis_hide_title":false,"_genesis_hide_breadcrumbs":false,"_genesis_hide_singular_image":false,"_genesis_hide_footer_widgets":false,"_genesis_custom_body_class":"locaties","_genesis_custom_post_class":"","_genesis_layout":""},"yoast_head":"<!-- This site is optimized with the Yoast SEO plugin v16.5 - https:\/\/yoast.com\/wordpress\/plugins\/seo\/ -->\n<title>Frizolino Wenen - Frizolino<\/title>\n<meta name=\"description\" content=\"Frizolino Wenen - IJssalon voor frozen yoghurt, wafels en meer. Ook glutenvrij en koemelkvrij yoghurtijs.\" \/>\n<meta name=\"robots\" content=\"index, follow, max-snippet:-1, max-image-preview:large, max-video-preview:-1\" \/>\n<link rel=\"canonical\" href=\"https:\/\/frizolino.com\/nl\/frizolino-vienna\" \/>\n<meta property=\"og:locale\" content=\"nl_NL\" \/>\n<meta property=\"og:type\" content=\"article\" \/>\n<meta property=\"og:title\" content=\"Frizolino Wenen - Frizolino\" \/>\n<meta property=\"og:description\" content=\"Frizolino Wenen - IJssalon voor frozen yoghurt, wafels en meer. Ook glutenvrij en koemelkvrij yoghurtijs.\" \/>\n<meta property=\"og:url\" content=\"https:\/\/frizolino.com\/nl\/frizolino-vienna\" \/>\n<meta property=\"og:site_name\" content=\"Frizolino\" \/>\n<meta property=\"article:modified_time\" content=\"2021-06-09T08:09:23+00:00\" \/>\n<meta property=\"og:image\" content=\"https:\/\/frizolino.com\/wp-content\/uploads\/2021\/05\/frizolino-vienna.jpg\" \/>\n<meta name=\"twitter:card\" content=\"summary_large_image\" \/>\n<meta name=\"twitter:label1\" content=\"Geschatte leestijd\" \/>\n\t<meta name=\"twitter:data1\" content=\"1 minuut\" \/>\n<script type=\"application\/ld+json\" class=\"yoast-schema-graph\">{\"@context\":\"https:\/\/schema.org\",\"@graph\":[{\"@type\":\"Organization\",\"@id\":\"https:\/\/frizolino.com\/#organization\",\"name\":\"Frizolino\",\"url\":\"https:\/\/frizolino.com\/\",\"sameAs\":[],\"logo\":{\"@type\":\"ImageObject\",\"@id\":\"https:\/\/frizolino.com\/#logo\",\"inLanguage\":\"nl\",\"url\":\"https:\/\/frizolino.com\/wp-content\/uploads\/2021\/03\/frizolino-frozen-yoghurt.jpg\",\"contentUrl\":\"https:\/\/frizolino.com\/wp-content\/uploads\/2021\/03\/frizolino-frozen-yoghurt.jpg\",\"width\":625,\"height\":625,\"caption\":\"Frizolino\"},\"image\":{\"@id\":\"https:\/\/frizolino.com\/#logo\"}},{\"@type\":\"WebSite\",\"@id\":\"https:\/\/frizolino.com\/#website\",\"url\":\"https:\/\/frizolino.com\/\",\"name\":\"Frizolino\",\"description\":\"Frozen Yogurt\",\"publisher\":{\"@id\":\"https:\/\/frizolino.com\/#organization\"},\"potentialAction\":[{\"@type\":\"SearchAction\",\"target\":\"https:\/\/frizolino.com\/?s={search_term_string}\",\"query-input\":\"required name=search_term_string\"}],\"inLanguage\":\"nl\"},{\"@type\":\"ImageObject\",\"@id\":\"https:\/\/frizolino.com\/nl\/frizolino-vienna#primaryimage\",\"inLanguage\":\"nl\",\"url\":\"https:\/\/frizolino.com\/wp-content\/uploads\/2021\/06\/frizolino.vienna_nametag.png\",\"contentUrl\":\"https:\/\/frizolino.com\/wp-content\/uploads\/2021\/06\/frizolino.vienna_nametag.png\",\"width\":1275,\"height\":1275},{\"@type\":\"WebPage\",\"@id\":\"https:\/\/frizolino.com\/nl\/frizolino-vienna#webpage\",\"url\":\"https:\/\/frizolino.com\/nl\/frizolino-vienna\",\"name\":\"Frizolino Wenen - Frizolino\",\"isPartOf\":{\"@id\":\"https:\/\/frizolino.com\/#website\"},\"primaryImageOfPage\":{\"@id\":\"https:\/\/frizolino.com\/nl\/frizolino-vienna#primaryimage\"},\"datePublished\":\"2021-05-25T13:15:56+00:00\",\"dateModified\":\"2021-06-09T08:09:23+00:00\",\"description\":\"Frizolino Wenen - IJssalon voor frozen yoghurt, wafels en meer. Ook glutenvrij en koemelkvrij yoghurtijs.\",\"breadcrumb\":{\"@id\":\"https:\/\/frizolino.com\/nl\/frizolino-vienna#breadcrumb\"},\"inLanguage\":\"nl\",\"potentialAction\":[{\"@type\":\"ReadAction\",\"target\":[\"https:\/\/frizolino.com\/nl\/frizolino-vienna\"]}]},{\"@type\":\"BreadcrumbList\",\"@id\":\"https:\/\/frizolino.com\/nl\/frizolino-vienna#breadcrumb\",\"itemListElement\":[{\"@type\":\"ListItem\",\"position\":1,\"name\":\"Home\",\"item\":\"https:\/\/frizolino.com\/nl\"},{\"@type\":\"ListItem\",\"position\":2,\"name\":\"Frizolino Wenen\"}]}]}<\/script>\n<!-- \/ Yoast SEO plugin. -->","_links":{"self":[{"href":"https:\/\/frizolino.com\/nl\/wp-json\/wp\/v2\/pages\/286"}],"collection":[{"href":"https:\/\/frizolino.com\/nl\/wp-json\/wp\/v2\/pages"}],"about":[{"href":"https:\/\/frizolino.com\/nl\/wp-json\/wp\/v2\/types\/page"}],"author":[{"embeddable":true,"href":"https:\/\/frizolino.com\/nl\/wp-json\/wp\/v2\/users\/1"}],"replies":[{"embeddable":true,"href":"https:\/\/frizolino.com\/nl\/wp-json\/wp\/v2\/comments?post=286"}],"version-history":[{"count":10,"href":"https:\/\/frizolino.com\/nl\/wp-json\/wp\/v2\/pages\/286\/revisions"}],"predecessor-version":[{"id":355,"href":"https:\/\/frizolino.com\/nl\/wp-json\/wp\/v2\/pages\/286\/revisions\/355"}],"wp:attachment":[{"href":"https:\/\/frizolino.com\/nl\/wp-json\/wp\/v2\/media?parent=286"}],"curies":[{"name":"wp","href":"https:\/\/api.w.org\/{rel}","templated":true}]}}