{"id":140,"date":"2021-03-11T13:11:59","date_gmt":"2021-03-11T13:11:59","guid":{"rendered":"https:\/\/frizolino.com\/frozen-yogurt-amsterdam"},"modified":"2021-05-12T11:52:18","modified_gmt":"2021-05-12T11:52:18","slug":"frozen-yogurt-amsterdam","status":"publish","type":"page","link":"https:\/\/frizolino.com\/en\/frozen-yogurt-amsterdam","title":{"rendered":"Contact"},"content":{"rendered":"<h3 style=\"text-align: center;\">Frizolino Amsterdam<\/h3>\n<p style=\"text-align: center;\">Beethovenstraat 64<br \/>\n1077 JL Amsterdam<\/p>\n<h3 style=\"text-align: center;\">Frizolino Vienna<\/h3>\n<p style=\"text-align: center;\">Br\u00e4unerstra\u00dfe 2<br \/>\n1010 Vienna, \u00d6sterreich<\/p>\n<p style=\"text-align: center;\"><a href=\"tel:020 786 5810\" target=\"_blank\" rel=\"noopener\">020 786 5810<\/a><br \/>\n<a href=\"mailto:info@frizolino.com\" target=\"_blank\" rel=\"noopener\">info@frizolino.com<\/a><\/p>\n<p><img loading=\"lazy\" class=\"aligncenter wp-image-134\" src=\"https:\/\/frizolino.com\/wp-content\/uploads\/2021\/04\/frozen-yoghurt-amsterdam-838x1024.jpg\" alt=\"Frozen Yoghurt Amsterdam\" width=\"600\" height=\"733\" srcset=\"https:\/\/frizolino.com\/wp-content\/uploads\/2021\/04\/frozen-yoghurt-amsterdam-838x1024.jpg 838w, https:\/\/frizolino.com\/wp-content\/uploads\/2021\/04\/frozen-yoghurt-amsterdam-245x300.jpg 245w, https:\/\/frizolino.com\/wp-content\/uploads\/2021\/04\/frozen-yoghurt-amsterdam-768x939.jpg 768w, https:\/\/frizolino.com\/wp-content\/uploads\/2021\/04\/frozen-yoghurt-amsterdam.jpg 1165w\" sizes=\"(max-width: 600px) 100vw, 600px\" \/><\/p>\n","protected":false},"excerpt":{"rendered":"<p>Frizolino Amsterdam Beethovenstraat 64 1077 JL Amsterdam Frizolino Vienna Br\u00e4unerstra\u00dfe 2 1010 Vienna, \u00d6sterreich 020 786 5810 info@frizolino.com<\/p>\n","protected":false},"author":1,"featured_media":0,"parent":0,"menu_order":0,"comment_status":"closed","ping_status":"closed","template":"","meta":{"_genesis_hide_title":false,"_genesis_hide_breadcrumbs":false,"_genesis_hide_singular_image":false,"_genesis_hide_footer_widgets":false,"_genesis_custom_body_class":"","_genesis_custom_post_class":"","_genesis_layout":""},"yoast_head":"<!-- This site is optimized with the Yoast SEO plugin v16.5 - https:\/\/yoast.com\/wordpress\/plugins\/seo\/ -->\n<title>Contact - Ice cream parlor Frizolino<\/title>\n<meta name=\"robots\" content=\"index, follow, max-snippet:-1, max-image-preview:large, max-video-preview:-1\" \/>\n<link rel=\"canonical\" href=\"https:\/\/frizolino.com\/en\/frozen-yogurt-amsterdam\" \/>\n<meta property=\"og:locale\" content=\"en_US\" \/>\n<meta property=\"og:type\" content=\"article\" \/>\n<meta property=\"og:title\" content=\"Contact - Ice cream parlor Frizolino\" \/>\n<meta property=\"og:description\" content=\"Frizolino Amsterdam Beethovenstraat 64 1077 JL Amsterdam Frizolino Vienna Br\u00e4unerstra\u00dfe 2 1010 Vienna, \u00d6sterreich 020 786 5810 info@frizolino.com\" \/>\n<meta property=\"og:url\" content=\"https:\/\/frizolino.com\/en\/frozen-yogurt-amsterdam\" \/>\n<meta property=\"og:site_name\" content=\"Ice cream parlor Frizolino\" \/>\n<meta property=\"article:modified_time\" content=\"2021-05-12T11:52:18+00:00\" \/>\n<meta property=\"og:image\" content=\"https:\/\/frizolino.com\/wp-content\/uploads\/2021\/04\/frozen-yoghurt-amsterdam-838x1024.jpg\" \/>\n<meta name=\"twitter:card\" content=\"summary_large_image\" \/>\n<script type=\"application\/ld+json\" class=\"yoast-schema-graph\">{\"@context\":\"https:\/\/schema.org\",\"@graph\":[{\"@type\":\"Organization\",\"@id\":\"https:\/\/frizolino.com\/#organization\",\"name\":\"Frizolino\",\"url\":\"https:\/\/frizolino.com\/\",\"sameAs\":[],\"logo\":{\"@type\":\"ImageObject\",\"@id\":\"https:\/\/frizolino.com\/#logo\",\"inLanguage\":\"en-US\",\"url\":\"https:\/\/frizolino.com\/wp-content\/uploads\/2021\/03\/frizolino-frozen-yoghurt.jpg\",\"contentUrl\":\"https:\/\/frizolino.com\/wp-content\/uploads\/2021\/03\/frizolino-frozen-yoghurt.jpg\",\"width\":625,\"height\":625,\"caption\":\"Frizolino\"},\"image\":{\"@id\":\"https:\/\/frizolino.com\/#logo\"}},{\"@type\":\"WebSite\",\"@id\":\"https:\/\/frizolino.com\/#website\",\"url\":\"https:\/\/frizolino.com\/\",\"name\":\"Ice cream parlor Frizolino\",\"description\":\"Frozen Yoghurt\",\"publisher\":{\"@id\":\"https:\/\/frizolino.com\/#organization\"},\"potentialAction\":[{\"@type\":\"SearchAction\",\"target\":\"https:\/\/frizolino.com\/?s={search_term_string}\",\"query-input\":\"required name=search_term_string\"}],\"inLanguage\":\"en-US\"},{\"@type\":\"ImageObject\",\"@id\":\"https:\/\/frizolino.com\/en\/frozen-yogurt-amsterdam#primaryimage\",\"inLanguage\":\"en-US\",\"url\":\"https:\/\/frizolino.com\/wp-content\/uploads\/2021\/04\/frozen-yoghurt-amsterdam.jpg\",\"contentUrl\":\"https:\/\/frizolino.com\/wp-content\/uploads\/2021\/04\/frozen-yoghurt-amsterdam.jpg\",\"width\":1165,\"height\":1424,\"caption\":\"Frozen Yoghurt Amsterdam\"},{\"@type\":\"WebPage\",\"@id\":\"https:\/\/frizolino.com\/en\/frozen-yogurt-amsterdam#webpage\",\"url\":\"https:\/\/frizolino.com\/en\/frozen-yogurt-amsterdam\",\"name\":\"Contact - Ice cream parlor Frizolino\",\"isPartOf\":{\"@id\":\"https:\/\/frizolino.com\/#website\"},\"primaryImageOfPage\":{\"@id\":\"https:\/\/frizolino.com\/en\/frozen-yogurt-amsterdam#primaryimage\"},\"datePublished\":\"2021-03-11T13:11:59+00:00\",\"dateModified\":\"2021-05-12T11:52:18+00:00\",\"breadcrumb\":{\"@id\":\"https:\/\/frizolino.com\/en\/frozen-yogurt-amsterdam#breadcrumb\"},\"inLanguage\":\"en-US\",\"potentialAction\":[{\"@type\":\"ReadAction\",\"target\":[\"https:\/\/frizolino.com\/en\/frozen-yogurt-amsterdam\"]}]},{\"@type\":\"BreadcrumbList\",\"@id\":\"https:\/\/frizolino.com\/en\/frozen-yogurt-amsterdam#breadcrumb\",\"itemListElement\":[{\"@type\":\"ListItem\",\"position\":1,\"name\":\"Home\",\"item\":\"https:\/\/frizolino.com\/en\"},{\"@type\":\"ListItem\",\"position\":2,\"name\":\"Contact\"}]}]}<\/script>\n<!-- \/ Yoast SEO plugin. -->","_links":{"self":[{"href":"https:\/\/frizolino.com\/en\/wp-json\/wp\/v2\/pages\/140"}],"collection":[{"href":"https:\/\/frizolino.com\/en\/wp-json\/wp\/v2\/pages"}],"about":[{"href":"https:\/\/frizolino.com\/en\/wp-json\/wp\/v2\/types\/page"}],"author":[{"embeddable":true,"href":"https:\/\/frizolino.com\/en\/wp-json\/wp\/v2\/users\/1"}],"replies":[{"embeddable":true,"href":"https:\/\/frizolino.com\/en\/wp-json\/wp\/v2\/comments?post=140"}],"version-history":[{"count":1,"href":"https:\/\/frizolino.com\/en\/wp-json\/wp\/v2\/pages\/140\/revisions"}],"predecessor-version":[{"id":243,"href":"https:\/\/frizolino.com\/en\/wp-json\/wp\/v2\/pages\/140\/revisions\/243"}],"wp:attachment":[{"href":"https:\/\/frizolino.com\/en\/wp-json\/wp\/v2\/media?parent=140"}],"curies":[{"name":"wp","href":"https:\/\/api.w.org\/{rel}","templated":true}]}}